{"id":25,"date":"2026-02-26T09:26:54","date_gmt":"2026-02-26T12:26:54","guid":{"rendered":"https:\/\/distribuidor.fibervix.com.br\/?page_id=25"},"modified":"2026-03-04T09:11:14","modified_gmt":"2026-03-04T12:11:14","slug":"home","status":"publish","type":"page","link":"https:\/\/distribuidor.fibervix.com.br\/","title":{"rendered":"Home"},"content":{"rendered":"\t\t<div data-elementor-type=\"wp-page\" data-elementor-id=\"25\" class=\"elementor elementor-25\" data-elementor-post-type=\"page\">\n\t\t\t\t<div class=\"elementor-element elementor-element-37a93759 e-flex e-con-boxed e-con e-parent\" data-id=\"37a93759\" data-element_type=\"container\" data-e-type=\"container\" data-settings=\"{&quot;background_background&quot;:&quot;classic&quot;}\">\n\t\t\t\t\t<div class=\"e-con-inner\">\n\t\t<div class=\"elementor-element elementor-element-6ef20b2a e-flex e-con-boxed e-con e-child\" data-id=\"6ef20b2a\" data-element_type=\"container\" data-e-type=\"container\">\n\t\t\t\t\t<div class=\"e-con-inner\">\n\t\t<div class=\"elementor-element elementor-element-7e93227b e-con-full e-flex e-con e-child\" data-id=\"7e93227b\" data-element_type=\"container\" data-e-type=\"container\">\n\t\t\t\t<div class=\"elementor-element elementor-element-5407b391 elementor-widget elementor-widget-heading\" data-id=\"5407b391\" data-element_type=\"widget\" data-e-type=\"widget\" data-widget_type=\"heading.default\">\n\t\t\t\t\t<h2 class=\"elementor-heading-title elementor-size-default\">Lista de Distribuidores<\/h2>\t\t\t\t<\/div>\n\t\t\t\t<\/div>\n\t\t\t\t\t<\/div>\n\t\t\t\t<\/div>\n\t\t\t\t\t<\/div>\n\t\t\t\t<\/div>\n\t\t<div class=\"elementor-element elementor-element-7a349e3 e-flex e-con-boxed e-con e-parent\" data-id=\"7a349e3\" data-element_type=\"container\" data-e-type=\"container\">\n\t\t\t\t\t<div class=\"e-con-inner\">\n\t\t\t\t<div class=\"elementor-element elementor-element-34165cb elementor-widget elementor-widget-shortcode\" data-id=\"34165cb\" data-element_type=\"widget\" data-e-type=\"widget\" data-widget_type=\"shortcode.default\">\n\t\t\t\t\t\t\t<div class=\"elementor-shortcode\"><!-- directorist-shortcode:: [ directorist_category] -->\n<div class=\"directorist-archive-contents directorist-contents-wrap directorist-w-100 directorist-instant-search\"data-atts=\"{&quot;category&quot;:&quot;&quot;,&quot;shortcode&quot;:&quot;directorist_category&quot;,&quot;_current_page&quot;:&quot;listing&quot;,&quot;category_custom_fields_relations&quot;:[]}\">\n    <div class=\"listing-with-sidebar\">\n        <div class=\"directorist-container\">\n            <div class=\"listing-with-sidebar__wrapper\">\n                <div class=\"listing-with-sidebar__type-nav\">\n                                    <\/div>\n\n                \n                    <div class=\"listing-with-sidebar__searchform\">\n                        \n<form action=\"https:\/\/distribuidor.fibervix.com.br\/index.php\/search-result\/\" class=\"directorist-search-form directorist-basic-search\">\n    <div class=\"directorist-search-form__box\">\n        <div class=\"directorist-search-form-top directorist-flex directorist-align-center directorist-search-form-inline directorist-search-form__top\">\n            <input type=\"hidden\" name='directory_type' value='general'>\n            \n<div class=\"directorist-search-field directorist-form-group directorist-search-query \">\n\n            <label class=\"directorist-search-field__label\" for=\"listing_title\">Digite o nome da empresa<\/label>\n    \n    <input class=\"directorist-form-element directorist-search-field__input\" id=\"listing_title\" type=\"text\" name=\"q\" value=\"\" placeholder=\"Digite o nome da empresa\" >\n\n    <div class=\"directorist-search-field__btn directorist-search-field__btn--clear\">\n        <i class=\"directorist-icon-mask\" aria-hidden=\"true\" style=\"--directorist-icon: url(https:\/\/distribuidor.fibervix.com.br\/wp-content\/plugins\/directorist\/assets\/icons\/font-awesome\/svgs\/solid\/times-circle.svg)\"><\/i>    <\/div>\n\n<\/div><div class=\"directorist-search-field directorist-form-group \">\n    <div class=\"directorist-select directorist-search-category directorist-search-field__input\">\n\n                    <label class=\"directorist-search-field__label\">Selecionar Estado<\/label>\n        \n        <select name=\"in_cat\" class=\"search_fields bdas-category-search directorist-category-select\" data-placeholder=\"Selecionar Estado\"  data-isSearch=\"true\" data-selected-id=\"\" data-selected-label=\"\">\n            <option value=\"\">Select Category<\/option><option data-icon=\"\" data-custom-field=\"\" value=\"8\">Acre<\/option><option data-icon=\"\" data-custom-field=\"\" value=\"15\">Alagoas<\/option><option data-icon=\"\" data-custom-field=\"\" value=\"9\">Amap\u00e1<\/option><option data-icon=\"\" data-custom-field=\"\" value=\"10\">Amazonas<\/option><option data-icon=\"\" data-custom-field=\"\" value=\"16\">Bahia<\/option><option data-icon=\"\" data-custom-field=\"\" value=\"17\">Cear\u00e1<\/option><option data-icon=\"\" data-custom-field=\"\" value=\"24\">Distrito Federal<\/option><option data-icon=\"\" data-custom-field=\"\" value=\"28\">Esp\u00edrito Santo<\/option><option data-icon=\"\" data-custom-field=\"\" value=\"25\">Goi\u00e1s<\/option><option data-icon=\"\" data-custom-field=\"\" value=\"18\">Maranh\u00e3o<\/option><option data-icon=\"\" data-custom-field=\"\" value=\"26\">Mato Grosso<\/option><option data-icon=\"\" data-custom-field=\"\" value=\"27\">Mato Grosso do Sul<\/option><option data-icon=\"\" data-custom-field=\"\" value=\"29\">Minas Gerais<\/option><option data-icon=\"\" data-custom-field=\"\" value=\"11\">Par\u00e1<\/option><option data-icon=\"\" data-custom-field=\"\" value=\"19\">Para\u00edba<\/option><option data-icon=\"\" data-custom-field=\"\" value=\"32\">Paran\u00e1<\/option><option data-icon=\"\" data-custom-field=\"\" value=\"20\">Pernambuco<\/option><option data-icon=\"\" data-custom-field=\"\" value=\"21\">Piau\u00ed<\/option><option data-icon=\"\" data-custom-field=\"\" value=\"30\">Rio de Janeiro<\/option><option data-icon=\"\" data-custom-field=\"\" value=\"22\">Rio Grande do Norte<\/option><option data-icon=\"\" data-custom-field=\"\" value=\"34\">Rio Grande do Sul<\/option><option data-icon=\"\" data-custom-field=\"\" value=\"12\">Rond\u00f4nia<\/option><option data-icon=\"\" data-custom-field=\"\" value=\"13\">Roraima<\/option><option data-icon=\"\" data-custom-field=\"\" value=\"33\">Santa Catarina<\/option><option data-icon=\"\" data-custom-field=\"\" value=\"31\">S\u00e3o Paulo<\/option><option data-icon=\"\" data-custom-field=\"\" value=\"23\">Sergipe<\/option><option data-icon=\"\" data-custom-field=\"\" value=\"14\">Tocantins<\/option>        <\/select>\n\n    <\/div>\n    <div class=\"directorist-search-field__btn directorist-search-field__btn--clear\">\n        <i class=\"directorist-icon-mask\" aria-hidden=\"true\" style=\"--directorist-icon: url(https:\/\/distribuidor.fibervix.com.br\/wp-content\/plugins\/directorist\/assets\/icons\/font-awesome\/svgs\/solid\/times-circle.svg)\"><\/i> \n    <\/div>\n<\/div>\n        <\/div>\n        \n            <\/div>\n<\/form>                    <\/div>\n\n                \n                                \n                    <div class=\"listing-with-sidebar__header\">\n                        \n<div class=\"directorist-header-bar\">\n    <div class=\"directorist-container-fluid\">\n        <div class=\"directorist-listings-header\">\n\n            \n                <div class=\"directorist-listings-header__left\">\n\n                    \n                    <span class='directorist-header-found-title'><span>3<\/span> Distribuidores<\/span>                <\/div>\n\n            \n            \n                <div class=\"directorist-listings-header__right\">\n                    \n<div class=\"directorist-viewas\">\n    <!-- Archive sidebar offcanvas toggle -->\n            <button class=\"directorist-archive-sidebar-toggle\" aria-label=\"Sidebar Filter Toggle Button\">\n            <i class=\"directorist-icon-mask\" aria-hidden=\"true\" style=\"--directorist-icon: url(https:\/\/distribuidor.fibervix.com.br\/wp-content\/plugins\/directorist\/assets\/icons\/font-awesome\/svgs\/solid\/filter.svg)\"><\/i>            Filter        <\/button>\n        \n        <a class=\"directorist-viewas__item directorist-viewas__item--grid active\" href=\"\/index.php\/wp-json\/wp\/v2\/pages\/25?view=grid\" aria-label=\"grid view\">\n                            <i class=\"directorist-icon-mask\" aria-hidden=\"true\" style=\"--directorist-icon: url(https:\/\/distribuidor.fibervix.com.br\/wp-content\/plugins\/directorist\/assets\/icons\/font-awesome\/svgs\/solid\/grip-horizontal.svg)\"><\/i>                    <\/a>\n    \n        <a class=\"directorist-viewas__item directorist-viewas__item--list \" href=\"\/index.php\/wp-json\/wp\/v2\/pages\/25?view=list\" aria-label=\"list view\">\n                            <i class=\"directorist-icon-mask\" aria-hidden=\"true\" style=\"--directorist-icon: url(https:\/\/distribuidor.fibervix.com.br\/wp-content\/plugins\/directorist\/assets\/icons\/font-awesome\/svgs\/solid\/list.svg)\"><\/i>                    <\/a>\n    \n        <a class=\"directorist-viewas__item directorist-viewas__item--map \" href=\"\/index.php\/wp-json\/wp\/v2\/pages\/25?view=map\" aria-label=\"map view\">\n                            <i class=\"directorist-icon-mask\" aria-hidden=\"true\" style=\"--directorist-icon: url(https:\/\/distribuidor.fibervix.com.br\/wp-content\/plugins\/directorist\/assets\/icons\/font-awesome\/svgs\/regular\/map.svg)\"><\/i>                    <\/a>\n    <\/div>\n<div class=\"directorist-dropdown directorist-dropdown-js directorist-sortby-dropdown\">\n\n    <button class=\"directorist-dropdown__toggle directorist-dropdown__toggle-js directorist-btn directorist-btn-sm directorist-toggle-has-icon\">Ordenar por<span class=\"directorist-icon-caret\"><\/span><\/button>\n\n    <div class=\"directorist-dropdown__links directorist-dropdown__links-js directorist-dropdown__links__right\">\n\n        <form id=\"directorsit-listing-sort\" method=\"post\" action=\"#\">\n                            <a href=\"#\" class=\"directorist-dropdown__links__single directorist-dropdown__links__single-js \" data-link=\"\/index.php\/wp-json\/wp\/v2\/pages\/25?sort=title-asc\">A to Z (title)<\/a>\n                                <a href=\"#\" class=\"directorist-dropdown__links__single directorist-dropdown__links__single-js \" data-link=\"\/index.php\/wp-json\/wp\/v2\/pages\/25?sort=title-desc\">Z to A (title)<\/a>\n                                <a href=\"#\" class=\"directorist-dropdown__links__single directorist-dropdown__links__single-js \" data-link=\"\/index.php\/wp-json\/wp\/v2\/pages\/25?sort=date-desc\">Latest listings<\/a>\n                        <\/form>\n\n    <\/div>\n\n<\/div>                <\/div>\n\n            \n        <\/div>\n    <\/div>\n<\/div>\n                    <\/div>\n\n                \n                <div class=\"listing-with-sidebar__contents\">\n                                        <section class=\"listing-with-sidebar__listing\">\n                        \n<div class=\"directorist-archive-items directorist-archive-grid-view \">\n    <div class=\"directorist-container-fluid\">\n\n        \n        \n            <div class=\" directorist-row\">\n\n                        <div class=\"directorist-col-4\">\n                \n<div class=\"directorist-listing-single directorist-listing-card directorist-listing-has-thumb \">\n\n\t<figure class=\"directorist-listing-single__thumb\">\n\n\t\t<div class='directorist-thumnail-card directorist-card-full'><div class='directorist-thumnail-card-front-wrap'><a href=\"https:\/\/distribuidor.fibervix.com.br\/index.php\/directory\/simples-connect\/\"><figure><img src='https:\/\/distribuidor.fibervix.com.br\/wp-content\/uploads\/2026\/03\/simple_connect.jpg' alt='simple_connect' class='directorist-thumnail-card-front-img' \/><\/figure><\/a><\/div><\/div>\n\t\t<div class=\"directorist-thumb-top-left\"><\/div>\n\t\t<div class=\"directorist-thumb-top-right\"><\/div>\n\t\t<div class=\"directorist-thumb-bottom-left\"><\/div>\n\t\t<div class=\"directorist-thumb-bottom-right\"><\/div>\n\t\t\n\t<\/figure>\n\n\t<div class=\"directorist-listing-single__content\">\n\n\t\t<div class=\"directorist-listing-single__info\">\n\t\t\t<div class=\"directorist-listing-single__info--top\">\n<h2 class=\"directorist-listing-title\"><a href=\"https:\/\/distribuidor.fibervix.com.br\/index.php\/directory\/simples-connect\/\">Simples Connect<\/a><\/h2>\n\n<\/div>\n\t\t\t<div class=\"directorist-listing-single__info--list\"><ul>\n<li class=\"directorist-listing-card-address\"><i class=\"directorist-icon-mask\" aria-hidden=\"true\" style=\"--directorist-icon: url(https:\/\/distribuidor.fibervix.com.br\/wp-content\/plugins\/directorist\/assets\/icons\/line-awesome\/svgs\/map-marker-solid.svg)\"><\/i>        Santa Rita do Sapuca\u00ed, MG<\/li>\n<li class=\"directorist-listing-card-phone\">\n    <i class=\"directorist-icon-mask\" aria-hidden=\"true\" style=\"--directorist-icon: url(https:\/\/distribuidor.fibervix.com.br\/wp-content\/plugins\/directorist\/assets\/icons\/line-awesome\/svgs\/phone-solid.svg)\"><\/i>    <a href=\"tel:35997261259\">(35)99726-1259<\/a>\n<\/li>\n<li class=\"directorist-listing-card-website\">\n    <i class=\"directorist-icon-mask\" aria-hidden=\"true\" style=\"--directorist-icon: url(https:\/\/distribuidor.fibervix.com.br\/wp-content\/plugins\/directorist\/assets\/icons\/line-awesome\/svgs\/globe-solid.svg)\"><\/i>        <a target=\"_blank\" rel=\"noopener\" href=\"https:\/\/simplesconnect.com.br\/\">\n        https:\/\/simplesconnect.com.br\/    <\/a>\n<\/li><\/ul><\/div>\n\t\t\t<div class=\"directorist-listing-single__info--excerpt\"><\/div>\n\t\t<\/div>\n\n\t\t<div class=\"directorist-listing-single__meta\">\n\t\t\t<div class=\"directorist-listing-single__meta--left\">\n<div class=\"directorist-listing-category\">\n            <a href=\"https:\/\/distribuidor.fibervix.com.br\/index.php\/single-category\/minas-gerais\/?directory_type=general\"><i class=\"directorist-icon-mask\" aria-hidden=\"true\" style=\"--directorist-icon: url(https:\/\/distribuidor.fibervix.com.br\/wp-content\/plugins\/directorist\/assets\/icons\/font-awesome\/svgs\/regular\/folder.svg)\"><\/i>Minas Gerais<\/a>\n        <\/div>\n<\/div>\n\t\t\t<div class=\"directorist-listing-single__meta--right\">\n\t\t\t\t\t\t\t\t\n\t\t\t\t<!-- bloco customizado awake -->\n\t\t\t\t\t\t\t\t\t<div class=\"directorist-listing-card-website awk-listing-card-icon\">\n\n\t\t\t\t\t\t\n\t\t\t\t\t\t\t<a target=\"_blank\" href=\"https:\/\/www.instagram.com\/simplesconnect\/\" title=\"instagram\">\n\t\t\t\t\t\t\t\t<i class=\"directorist-icon-mask custom-awk-icon\" aria-hidden=\"true\" style=\"--directorist-icon: url(https:\/\/distribuidor.fibervix.com.br\/wp-content\/plugins\/directorist\/assets\/icons\/line-awesome\/svgs\/instagram.svg)\"><\/i>\n\t\t\t\t\t\t\t<\/a>\n\n\t\t\t\t\t\t\t\t\t\t\t<\/div>\n\t\t\t\t\t<!-- fim bloco -->\n\t\t\t<\/div>\n\t\t<\/div>\n\n\t<\/div>\n\n<\/div>             <\/div>\n                        <div class=\"directorist-col-4\">\n                \n<div class=\"directorist-listing-single directorist-listing-card directorist-listing-has-thumb \">\n\n\t<figure class=\"directorist-listing-single__thumb\">\n\n\t\t<div class='directorist-thumnail-card directorist-card-full'><div class='directorist-thumnail-card-front-wrap'><a href=\"https:\/\/distribuidor.fibervix.com.br\/index.php\/directory\/serra-distribuidor\/\"><figure><img src='https:\/\/distribuidor.fibervix.com.br\/wp-content\/uploads\/2026\/03\/serra.jpg' alt='serra' class='directorist-thumnail-card-front-img' \/><\/figure><\/a><\/div><\/div>\n\t\t<div class=\"directorist-thumb-top-left\"><\/div>\n\t\t<div class=\"directorist-thumb-top-right\"><\/div>\n\t\t<div class=\"directorist-thumb-bottom-left\"><\/div>\n\t\t<div class=\"directorist-thumb-bottom-right\"><\/div>\n\t\t\n\t<\/figure>\n\n\t<div class=\"directorist-listing-single__content\">\n\n\t\t<div class=\"directorist-listing-single__info\">\n\t\t\t<div class=\"directorist-listing-single__info--top\">\n<h2 class=\"directorist-listing-title\"><a href=\"https:\/\/distribuidor.fibervix.com.br\/index.php\/directory\/serra-distribuidor\/\">Serra Distribuidor<\/a><\/h2>\n\n<\/div>\n\t\t\t<div class=\"directorist-listing-single__info--list\"><ul>\n<li class=\"directorist-listing-card-address\"><i class=\"directorist-icon-mask\" aria-hidden=\"true\" style=\"--directorist-icon: url(https:\/\/distribuidor.fibervix.com.br\/wp-content\/plugins\/directorist\/assets\/icons\/line-awesome\/svgs\/map-marker-solid.svg)\"><\/i>        Avenida Jo\u00e3o Eug\u00eanio Gon\u00e7alves Pinheiro, Are\u00e3o, Cuiab\u00e1<\/li>\n<li class=\"directorist-listing-card-phone\">\n    <i class=\"directorist-icon-mask\" aria-hidden=\"true\" style=\"--directorist-icon: url(https:\/\/distribuidor.fibervix.com.br\/wp-content\/plugins\/directorist\/assets\/icons\/line-awesome\/svgs\/phone-solid.svg)\"><\/i>    <a href=\"tel:6540049300\">(65) 4004-9300<\/a>\n<\/li>\n<li class=\"directorist-listing-card-website\">\n    <i class=\"directorist-icon-mask\" aria-hidden=\"true\" style=\"--directorist-icon: url(https:\/\/distribuidor.fibervix.com.br\/wp-content\/plugins\/directorist\/assets\/icons\/line-awesome\/svgs\/globe-solid.svg)\"><\/i>        <a target=\"_blank\" rel=\"noopener\" href=\"https:\/\/distribuidoraserra.com.br\/\">\n        https:\/\/distribuidoraserra.com.br\/    <\/a>\n<\/li><\/ul><\/div>\n\t\t\t<div class=\"directorist-listing-single__info--excerpt\"><\/div>\n\t\t<\/div>\n\n\t\t<div class=\"directorist-listing-single__meta\">\n\t\t\t<div class=\"directorist-listing-single__meta--left\">\n<div class=\"directorist-listing-category\">\n            <a href=\"https:\/\/distribuidor.fibervix.com.br\/index.php\/single-category\/mato-grosso\/?directory_type=general\"><i class=\"directorist-icon-mask\" aria-hidden=\"true\" style=\"--directorist-icon: url(https:\/\/distribuidor.fibervix.com.br\/wp-content\/plugins\/directorist\/assets\/icons\/font-awesome\/svgs\/regular\/folder.svg)\"><\/i>Mato Grosso<\/a>\n        <\/div>\n<\/div>\n\t\t\t<div class=\"directorist-listing-single__meta--right\">\n\t\t\t\t\t\t\t\t\n\t\t\t\t<!-- bloco customizado awake -->\n\t\t\t\t\t\t\t\t\t<div class=\"directorist-listing-card-website awk-listing-card-icon\">\n\n\t\t\t\t\t\t\n\t\t\t\t\t\t\t<a target=\"_blank\" href=\"https:\/\/www.instagram.com\/serra.distribuidora\" title=\"instagram\">\n\t\t\t\t\t\t\t\t<i class=\"directorist-icon-mask custom-awk-icon\" aria-hidden=\"true\" style=\"--directorist-icon: url(https:\/\/distribuidor.fibervix.com.br\/wp-content\/plugins\/directorist\/assets\/icons\/line-awesome\/svgs\/instagram.svg)\"><\/i>\n\t\t\t\t\t\t\t<\/a>\n\n\t\t\t\t\t\t\t\t\t\t\t<\/div>\n\t\t\t\t\t<!-- fim bloco -->\n\t\t\t<\/div>\n\t\t<\/div>\n\n\t<\/div>\n\n<\/div>             <\/div>\n                        <div class=\"directorist-col-4\">\n                \n<div class=\"directorist-listing-single directorist-listing-card directorist-listing-has-thumb \">\n\n\t<figure class=\"directorist-listing-single__thumb\">\n\n\t\t<div class='directorist-thumnail-card directorist-card-full'><div class='directorist-thumnail-card-front-wrap'><a href=\"https:\/\/distribuidor.fibervix.com.br\/index.php\/directory\/grupo-dnt\/\"><figure><img src='https:\/\/distribuidor.fibervix.com.br\/wp-content\/uploads\/2026\/03\/dnt.jpg' alt='dnt' class='directorist-thumnail-card-front-img' \/><\/figure><\/a><\/div><\/div>\n\t\t<div class=\"directorist-thumb-top-left\"><\/div>\n\t\t<div class=\"directorist-thumb-top-right\"><\/div>\n\t\t<div class=\"directorist-thumb-bottom-left\"><\/div>\n\t\t<div class=\"directorist-thumb-bottom-right\"><\/div>\n\t\t\n\t<\/figure>\n\n\t<div class=\"directorist-listing-single__content\">\n\n\t\t<div class=\"directorist-listing-single__info\">\n\t\t\t<div class=\"directorist-listing-single__info--top\">\n<h2 class=\"directorist-listing-title\"><a href=\"https:\/\/distribuidor.fibervix.com.br\/index.php\/directory\/grupo-dnt\/\">Grupo DNT<\/a><\/h2>\n\n<\/div>\n\t\t\t<div class=\"directorist-listing-single__info--list\"><ul>\n<li class=\"directorist-listing-card-address\"><i class=\"directorist-icon-mask\" aria-hidden=\"true\" style=\"--directorist-icon: url(https:\/\/distribuidor.fibervix.com.br\/wp-content\/plugins\/directorist\/assets\/icons\/line-awesome\/svgs\/map-marker-solid.svg)\"><\/i>        Avenida Tocantins, Aragua\u00edna Sul, Vila Santa Rita, Aragua\u00edna<\/li>\n<li class=\"directorist-listing-card-phone\">\n    <i class=\"directorist-icon-mask\" aria-hidden=\"true\" style=\"--directorist-icon: url(https:\/\/distribuidor.fibervix.com.br\/wp-content\/plugins\/directorist\/assets\/icons\/line-awesome\/svgs\/phone-solid.svg)\"><\/i>    <a href=\"tel:6334140466\">(63) 3414-0466<\/a>\n<\/li>\n<li class=\"directorist-listing-card-website\">\n    <i class=\"directorist-icon-mask\" aria-hidden=\"true\" style=\"--directorist-icon: url(https:\/\/distribuidor.fibervix.com.br\/wp-content\/plugins\/directorist\/assets\/icons\/line-awesome\/svgs\/globe-solid.svg)\"><\/i>        <a target=\"_blank\" rel=\"noopener\" href=\"https:\/\/www.dnttelecom.com.br\">\n        https:\/\/www.dnttelecom.com.br    <\/a>\n<\/li><\/ul><\/div>\n\t\t\t<div class=\"directorist-listing-single__info--excerpt\"><\/div>\n\t\t<\/div>\n\n\t\t<div class=\"directorist-listing-single__meta\">\n\t\t\t<div class=\"directorist-listing-single__meta--left\">\n<div class=\"directorist-listing-category\">\n            <a href=\"https:\/\/distribuidor.fibervix.com.br\/index.php\/single-category\/tocantins\/?directory_type=general\"><i class=\"directorist-icon-mask\" aria-hidden=\"true\" style=\"--directorist-icon: url(https:\/\/distribuidor.fibervix.com.br\/wp-content\/plugins\/directorist\/assets\/icons\/font-awesome\/svgs\/regular\/folder.svg)\"><\/i>Tocantins<\/a>\n        <\/div>\n<\/div>\n\t\t\t<div class=\"directorist-listing-single__meta--right\">\n\t\t\t\t\t\t\t\t\n\t\t\t\t<!-- bloco customizado awake -->\n\t\t\t\t\t\t\t\t\t<div class=\"directorist-listing-card-website awk-listing-card-icon\">\n\n\t\t\t\t\t\t\n\t\t\t\t\t\t\t<a target=\"_blank\" href=\"https:\/\/www.instagram.com\/dntdistribuidora\" title=\"instagram\">\n\t\t\t\t\t\t\t\t<i class=\"directorist-icon-mask custom-awk-icon\" aria-hidden=\"true\" style=\"--directorist-icon: url(https:\/\/distribuidor.fibervix.com.br\/wp-content\/plugins\/directorist\/assets\/icons\/line-awesome\/svgs\/instagram.svg)\"><\/i>\n\t\t\t\t\t\t\t<\/a>\n\n\t\t\t\t\t\t\t\t\t\t\t<\/div>\n\t\t\t\t\t<!-- fim bloco -->\n\t\t\t<\/div>\n\t\t<\/div>\n\n\t<\/div>\n\n<\/div>             <\/div>\n            \n            <\/div>\n\n            \n            \n            <\/div>\n<\/div>                    <\/section>\n                <\/div>\n            <\/div>\n        <\/div>\n    <\/div>\n\n<\/div><\/div>\n\t\t\t\t\t\t<\/div>\n\t\t\t\t\t<\/div>\n\t\t\t\t<\/div>\n\t\t\t\t<\/div>\n\t\t","protected":false},"excerpt":{"rendered":"<p>Lista de Distribuidores<\/p>\n","protected":false},"author":1,"featured_media":0,"parent":0,"menu_order":0,"comment_status":"closed","ping_status":"closed","template":"","meta":{"footnotes":""},"class_list":["post-25","page","type-page","status-publish","hentry"],"_links":{"self":[{"href":"https:\/\/distribuidor.fibervix.com.br\/index.php\/wp-json\/wp\/v2\/pages\/25","targetHints":{"allow":["GET"]}}],"collection":[{"href":"https:\/\/distribuidor.fibervix.com.br\/index.php\/wp-json\/wp\/v2\/pages"}],"about":[{"href":"https:\/\/distribuidor.fibervix.com.br\/index.php\/wp-json\/wp\/v2\/types\/page"}],"author":[{"embeddable":true,"href":"https:\/\/distribuidor.fibervix.com.br\/index.php\/wp-json\/wp\/v2\/users\/1"}],"replies":[{"embeddable":true,"href":"https:\/\/distribuidor.fibervix.com.br\/index.php\/wp-json\/wp\/v2\/comments?post=25"}],"version-history":[{"count":28,"href":"https:\/\/distribuidor.fibervix.com.br\/index.php\/wp-json\/wp\/v2\/pages\/25\/revisions"}],"predecessor-version":[{"id":112,"href":"https:\/\/distribuidor.fibervix.com.br\/index.php\/wp-json\/wp\/v2\/pages\/25\/revisions\/112"}],"wp:attachment":[{"href":"https:\/\/distribuidor.fibervix.com.br\/index.php\/wp-json\/wp\/v2\/media?parent=25"}],"curies":[{"name":"wp","href":"https:\/\/api.w.org\/{rel}","templated":true}]}}